{"id":81,"date":"2023-10-29T18:50:35","date_gmt":"2023-10-29T17:50:35","guid":{"rendered":"https:\/\/www.ralebsbilar.se\/?page_id=81"},"modified":"2026-02-04T10:09:41","modified_gmt":"2026-02-04T09:09:41","slug":"kontakta-oss","status":"publish","type":"page","link":"https:\/\/www.ralebsbilar.se\/index.php\/kontakta-oss\/","title":{"rendered":"Kontakta oss"},"content":{"rendered":"\n<div class=\"wp-block-columns is-layout-flex wp-container-core-columns-is-layout-9d6595d7 wp-block-columns-is-layout-flex\">\n<div class=\"wp-block-column is-layout-flow wp-block-column-is-layout-flow\">\n<p><strong>Vi finns i Trelleborg.<\/strong><br><strong>Bes\u00f6ks Adress:<\/strong> Fraktv\u00e4gen 11, 231 63 Trelleborg<br><strong>Mobil:<\/strong> 0736-69 04 06<br><strong>Mobil:<\/strong> 0736-98 34 18<br><strong>\u00d6ppet tider:<\/strong><br>M\u00e5ndag till Fredag: 08.00 \u2013 18.00<br>L\u00f6rdag: 08.00 \u2013 14.00<br>S\u00f6ndag: 11.00 \u2013 14.00<br>\u00d6vrig tid g\u00e5r det att ringa f\u00f6r \u00f6verenskommelse om visning av bil.<\/p>\n<\/div>\n\n\n\n<div class=\"wp-block-column is-layout-flow wp-block-column-is-layout-flow\"><div class=\"wp-block-image\">\n<figure class=\"alignright size-full\"><a href=\"https:\/\/www.google.se\/maps\/place\/Ralebs+Bilar\/@55.3833215,13.1137661,1725m\/data=!3m1!1e3!4m6!3m5!1s0x465373bf5f3d58b1:0x786eae27704b2936!8m2!3d55.3830309!4d13.1154338!16s%2Fg%2F11c0xt1z9q?entry=ttu&amp;g_ep=EgoyMDI2MDIwMS4wIKXMDSoASAFQAw%3D%3D\" target=\"_blank\" rel=\" noreferrer noopener\"><img loading=\"lazy\" decoding=\"async\" width=\"656\" height=\"435\" src=\"https:\/\/www.ralebsbilar.se\/wp-content\/uploads\/2023\/10\/kontakta-oss-karta-karta.jpg\" alt=\"\" class=\"wp-image-87\" srcset=\"https:\/\/www.ralebsbilar.se\/wp-content\/uploads\/2023\/10\/kontakta-oss-karta-karta.jpg 656w, https:\/\/www.ralebsbilar.se\/wp-content\/uploads\/2023\/10\/kontakta-oss-karta-karta-300x199.jpg 300w\" sizes=\"auto, (max-width: 656px) 100vw, 656px\" \/><\/a><\/figure>\n<\/div><\/div>\n<\/div>\n\n\n\n<p><\/p>\n","protected":false},"excerpt":{"rendered":"<p>Vi finns i Trelleborg.Bes\u00f6ks Adress: Fraktv\u00e4gen 11, 231 63 TrelleborgMobil: 0736-69 04 06Mobil: 0736-98 34 18\u00d6ppet tider:M\u00e5ndag till Fredag: 08.00 \u2013 18.00L\u00f6rdag: 08.00 \u2013 14.00S\u00f6ndag: 11.00 \u2013 14.00\u00d6vrig tid g\u00e5r det att ringa f\u00f6r \u00f6verenskommelse om visning av bil.<\/p>\n","protected":false},"author":1,"featured_media":0,"parent":0,"menu_order":0,"comment_status":"closed","ping_status":"closed","template":"","meta":{"footnotes":""},"class_list":["post-81","page","type-page","status-publish","hentry"],"_links":{"self":[{"href":"https:\/\/www.ralebsbilar.se\/index.php\/wp-json\/wp\/v2\/pages\/81","targetHints":{"allow":["GET"]}}],"collection":[{"href":"https:\/\/www.ralebsbilar.se\/index.php\/wp-json\/wp\/v2\/pages"}],"about":[{"href":"https:\/\/www.ralebsbilar.se\/index.php\/wp-json\/wp\/v2\/types\/page"}],"author":[{"embeddable":true,"href":"https:\/\/www.ralebsbilar.se\/index.php\/wp-json\/wp\/v2\/users\/1"}],"replies":[{"embeddable":true,"href":"https:\/\/www.ralebsbilar.se\/index.php\/wp-json\/wp\/v2\/comments?post=81"}],"version-history":[{"count":5,"href":"https:\/\/www.ralebsbilar.se\/index.php\/wp-json\/wp\/v2\/pages\/81\/revisions"}],"predecessor-version":[{"id":253,"href":"https:\/\/www.ralebsbilar.se\/index.php\/wp-json\/wp\/v2\/pages\/81\/revisions\/253"}],"wp:attachment":[{"href":"https:\/\/www.ralebsbilar.se\/index.php\/wp-json\/wp\/v2\/media?parent=81"}],"curies":[{"name":"wp","href":"https:\/\/api.w.org\/{rel}","templated":true}]}}