{"id":77,"date":"2023-10-29T18:49:13","date_gmt":"2023-10-29T17:49:13","guid":{"rendered":"https:\/\/www.ralebsbilar.se\/?page_id=77"},"modified":"2026-02-04T10:20:44","modified_gmt":"2026-02-04T09:20:44","slug":"finansiering","status":"publish","type":"page","link":"https:\/\/www.ralebsbilar.se\/index.php\/finansiering\/","title":{"rendered":"Finansiering: Vi samarbetar med."},"content":{"rendered":"\n<div class=\"wp-block-columns is-layout-flex wp-container-core-columns-is-layout-9d6595d7 wp-block-columns-is-layout-flex\">\n<div class=\"wp-block-column is-layout-flow wp-block-column-is-layout-flow\">\n<p>Wasa Kredit, ett finansbolag inom l\u00e4nsf\u00f6rs\u00e4kringsgruppen.<br>Wasa Kredit erbjuder finansieringstj\u00e4nster till b\u00e5de f\u00f6retag och privatpersoner.<br>Vid avbetalning \u00e4r kontantinsatsen\/inbytesbil minst 20%.<br>12 \u2013 72 m\u00e5nader.<br>Sedvanlig kreditpr\u00f6vning.<\/p>\n\n\n\n<p><\/p>\n\n\n<div class=\"wp-block-image\">\n<figure class=\"aligncenter size-full\"><img loading=\"lazy\" decoding=\"async\" width=\"450\" height=\"158\" src=\"https:\/\/www.ralebsbilar.se\/wp-content\/uploads\/2023\/10\/wasakredit.png\" alt=\"\" class=\"wp-image-89\" srcset=\"https:\/\/www.ralebsbilar.se\/wp-content\/uploads\/2023\/10\/wasakredit.png 450w, https:\/\/www.ralebsbilar.se\/wp-content\/uploads\/2023\/10\/wasakredit-300x105.png 300w\" sizes=\"auto, (max-width: 450px) 100vw, 450px\" \/><\/figure>\n<\/div><\/div>\n\n\n\n<div class=\"wp-block-column is-layout-flow wp-block-column-is-layout-flow\">\n<p>Finansieringsbolag My Money erbjuder konsumenter attraktivt bill\u00e5n till b\u00e4st m\u00f6jliga marknadsr\u00e4nta. L\u00e5net ger dig tillr\u00e4ckligt med finansiella medel f\u00f6r att inf\u00f6rskaffa en ny eller begagnad bil. Pengarna kan du anv\u00e4nda f\u00f6r att handla bil fr\u00e5n \u00e5terf\u00f6rs\u00e4ljare eller privatperson.<br>L\u00e5ntagare hos My Money har m\u00f6jlighet att l\u00e5na mellan 10 000 och 400 000 kr utan s\u00e4kerhet med m\u00f6jlighet att s\u00e4nka l\u00e5nekostnaden med en kontantinsats. L\u00f6ptiden \u00e4r valbar med en \u00e5terbetalning p\u00e5 1-10 \u00e5r.<\/p>\n\n\n<div class=\"wp-block-image\">\n<figure class=\"aligncenter size-full\"><img loading=\"lazy\" decoding=\"async\" width=\"254\" height=\"78\" src=\"https:\/\/www.ralebsbilar.se\/wp-content\/uploads\/2023\/10\/mymoney.jpg\" alt=\"\" class=\"wp-image-90\"\/><\/figure>\n<\/div><\/div>\n<\/div>\n\n\n\n<p><\/p>\n","protected":false},"excerpt":{"rendered":"<p>Wasa Kredit, ett finansbolag inom l\u00e4nsf\u00f6rs\u00e4kringsgruppen.Wasa Kredit erbjuder finansieringstj\u00e4nster till b\u00e5de f\u00f6retag och privatpersoner.Vid avbetalning \u00e4r kontantinsatsen\/inbytesbil minst 20%.12 \u2013 72 m\u00e5nader.Sedvanlig kreditpr\u00f6vning. Finansieringsbolag My Money erbjuder konsumenter attraktivt bill\u00e5n till b\u00e4st m\u00f6jliga marknadsr\u00e4nta. L\u00e5net ger dig tillr\u00e4ckligt med finansiella medel f\u00f6r att inf\u00f6rskaffa en ny eller begagnad bil. Pengarna kan du anv\u00e4nda f\u00f6r att [&hellip;]<\/p>\n","protected":false},"author":1,"featured_media":0,"parent":0,"menu_order":0,"comment_status":"closed","ping_status":"closed","template":"","meta":{"footnotes":""},"class_list":["post-77","page","type-page","status-publish","hentry"],"_links":{"self":[{"href":"https:\/\/www.ralebsbilar.se\/index.php\/wp-json\/wp\/v2\/pages\/77","targetHints":{"allow":["GET"]}}],"collection":[{"href":"https:\/\/www.ralebsbilar.se\/index.php\/wp-json\/wp\/v2\/pages"}],"about":[{"href":"https:\/\/www.ralebsbilar.se\/index.php\/wp-json\/wp\/v2\/types\/page"}],"author":[{"embeddable":true,"href":"https:\/\/www.ralebsbilar.se\/index.php\/wp-json\/wp\/v2\/users\/1"}],"replies":[{"embeddable":true,"href":"https:\/\/www.ralebsbilar.se\/index.php\/wp-json\/wp\/v2\/comments?post=77"}],"version-history":[{"count":8,"href":"https:\/\/www.ralebsbilar.se\/index.php\/wp-json\/wp\/v2\/pages\/77\/revisions"}],"predecessor-version":[{"id":260,"href":"https:\/\/www.ralebsbilar.se\/index.php\/wp-json\/wp\/v2\/pages\/77\/revisions\/260"}],"wp:attachment":[{"href":"https:\/\/www.ralebsbilar.se\/index.php\/wp-json\/wp\/v2\/media?parent=77"}],"curies":[{"name":"wp","href":"https:\/\/api.w.org\/{rel}","templated":true}]}}