{"id":74,"date":"2023-10-29T18:48:08","date_gmt":"2023-10-29T17:48:08","guid":{"rendered":"https:\/\/www.ralebsbilar.se\/?page_id=74"},"modified":"2026-02-04T10:25:36","modified_gmt":"2026-02-04T09:25:36","slug":"reparationer-service-ac","status":"publish","type":"page","link":"https:\/\/www.ralebsbilar.se\/index.php\/reparationer-service-ac\/","title":{"rendered":"Reparationer &#8211; Service"},"content":{"rendered":"\n<p><strong>Beh\u00f6ver din bil k\u00e4rlek? Vi fixar allt fr\u00e5n service till AC!<\/strong><br>Hos Ralebs Bilar i Trelleborg m\u00f6ts du av en fullt utrustad verkstad och ett personligt engagemang. Med m\u00e5ng\u00e5rig erfarenhet tar vi hand om alla bilm\u00e4rken \u2013 oavsett modell eller \u00e5lder. Vi utf\u00f6r allt fr\u00e5n basservice och avancerade reparationer till skr\u00e4ddarsydda modifieringar.<\/p>\n\n\n\n<p><strong>Problem med klimatet i bilen?<\/strong><br>Oavsett om det \u00e4r f\u00f6r varmt, f\u00f6r kallt eller om din AC strejkar, s\u00e5 l\u00f6ser vi det. Vi erbjuder allt fr\u00e5n enkel p\u00e5fyllning till totalrenovering av AC-systemet.<\/p>\n\n\n\n<p><strong>Ring oss idag och ber\u00e4tta vad din bil beh\u00f6ver!<\/strong><\/p>\n\n\n<div class=\"wp-block-image\">\n<figure class=\"alignleft size-full is-resized\"><img loading=\"lazy\" decoding=\"async\" width=\"400\" height=\"225\" src=\"https:\/\/www.ralebsbilar.se\/wp-content\/uploads\/2023\/10\/reparationer-service-ac.jpg\" alt=\"\" class=\"wp-image-93\" style=\"aspect-ratio:1.7777777777777777;width:396px;height:auto\" srcset=\"https:\/\/www.ralebsbilar.se\/wp-content\/uploads\/2023\/10\/reparationer-service-ac.jpg 400w, https:\/\/www.ralebsbilar.se\/wp-content\/uploads\/2023\/10\/reparationer-service-ac-300x169.jpg 300w\" sizes=\"auto, (max-width: 400px) 100vw, 400px\" \/><\/figure>\n<\/div>\n\n<div class=\"wp-block-image\">\n<figure class=\"alignright size-full is-resized\"><img loading=\"lazy\" decoding=\"async\" width=\"400\" height=\"225\" src=\"https:\/\/www.ralebsbilar.se\/wp-content\/uploads\/2023\/10\/reparationer-service-ac-1.jpg\" alt=\"\" class=\"wp-image-92\" style=\"aspect-ratio:1.7777777777777777;width:386px;height:auto\" srcset=\"https:\/\/www.ralebsbilar.se\/wp-content\/uploads\/2023\/10\/reparationer-service-ac-1.jpg 400w, https:\/\/www.ralebsbilar.se\/wp-content\/uploads\/2023\/10\/reparationer-service-ac-1-300x169.jpg 300w\" sizes=\"auto, (max-width: 400px) 100vw, 400px\" \/><\/figure>\n<\/div>\n\n\n<p><\/p>\n","protected":false},"excerpt":{"rendered":"<p>Beh\u00f6ver din bil k\u00e4rlek? Vi fixar allt fr\u00e5n service till AC!Hos Ralebs Bilar i Trelleborg m\u00f6ts du av en fullt utrustad verkstad och ett personligt engagemang. Med m\u00e5ng\u00e5rig erfarenhet tar vi hand om alla bilm\u00e4rken \u2013 oavsett modell eller \u00e5lder. Vi utf\u00f6r allt fr\u00e5n basservice och avancerade reparationer till skr\u00e4ddarsydda modifieringar. Problem med klimatet i [&hellip;]<\/p>\n","protected":false},"author":1,"featured_media":0,"parent":0,"menu_order":0,"comment_status":"closed","ping_status":"closed","template":"","meta":{"footnotes":""},"class_list":["post-74","page","type-page","status-publish","hentry"],"_links":{"self":[{"href":"https:\/\/www.ralebsbilar.se\/index.php\/wp-json\/wp\/v2\/pages\/74","targetHints":{"allow":["GET"]}}],"collection":[{"href":"https:\/\/www.ralebsbilar.se\/index.php\/wp-json\/wp\/v2\/pages"}],"about":[{"href":"https:\/\/www.ralebsbilar.se\/index.php\/wp-json\/wp\/v2\/types\/page"}],"author":[{"embeddable":true,"href":"https:\/\/www.ralebsbilar.se\/index.php\/wp-json\/wp\/v2\/users\/1"}],"replies":[{"embeddable":true,"href":"https:\/\/www.ralebsbilar.se\/index.php\/wp-json\/wp\/v2\/comments?post=74"}],"version-history":[{"count":9,"href":"https:\/\/www.ralebsbilar.se\/index.php\/wp-json\/wp\/v2\/pages\/74\/revisions"}],"predecessor-version":[{"id":262,"href":"https:\/\/www.ralebsbilar.se\/index.php\/wp-json\/wp\/v2\/pages\/74\/revisions\/262"}],"wp:attachment":[{"href":"https:\/\/www.ralebsbilar.se\/index.php\/wp-json\/wp\/v2\/media?parent=74"}],"curies":[{"name":"wp","href":"https:\/\/api.w.org\/{rel}","templated":true}]}}