{"id":67,"date":"2023-10-29T18:45:29","date_gmt":"2023-10-29T17:45:29","guid":{"rendered":"https:\/\/www.ralebsbilar.se\/?page_id=67"},"modified":"2026-02-04T10:31:08","modified_gmt":"2026-02-04T09:31:08","slug":"dack-falg","status":"publish","type":"page","link":"https:\/\/www.ralebsbilar.se\/index.php\/dack-falg\/","title":{"rendered":"D\u00e4ck \/ F\u00e4lg"},"content":{"rendered":"\n<p><strong>Ralebs Bilar \u2013 Din kompletta d\u00e4ckverkstad i Trelleborg<\/strong><br>L\u00e5t proffsen ta hand om dina hjul! I v\u00e5r fullt utrustade d\u00e4ckverkstad erbjuder vi allt fr\u00e5n f\u00f6rs\u00e4ljning av nya d\u00e4ck och f\u00e4lgar till snabb service. Vi lagerf\u00f6r ett brett sortiment av b\u00e5de nytt och begagnat f\u00f6r att passa alla pl\u00e5nb\u00f6cker.<\/p>\n\n\n\n<p><strong>V\u00e5ra priser &amp; tj\u00e4nster:<\/strong><\/p>\n\n\n\n<ul class=\"wp-block-list\">\n<li><strong>Begagnade d\u00e4ck:<\/strong>\u00a0Fr\u00e5n 250 kr (montering tillkommer).<\/li>\n\n\n\n<li><strong>D\u00e4ckskifte:<\/strong>\u00a0Endast 150 kr f\u00f6r 4 st.<\/li>\n\n\n\n<li><strong>Balansering:<\/strong>\u00a0250 kr f\u00f6r 4 st.<\/li>\n\n\n\n<li><strong>Stort sortiment:<\/strong>\u00a0Vi har storlekar fr\u00e5n 13\u2033 upp till 18\u2033 samt C-d\u00e4ck (f\u00f6r transportbilar).<\/li>\n\n\n\n<li><strong>F\u00e4lgar:<\/strong>\u00a0Brett urval av b\u00e5de pl\u00e5t- och aluminiumf\u00e4lgar.<\/li>\n<\/ul>\n\n\n\n<p><strong>Spara tid \u2013 ring och boka innan ditt bes\u00f6k!<\/strong><br><strong>073-669 04 06<\/strong>&nbsp;|&nbsp;<strong>073-698 34 18<\/strong><\/p>\n\n\n\n<div style=\"height:49px\" aria-hidden=\"true\" class=\"wp-block-spacer\"><\/div>\n\n\n\n<hr class=\"wp-block-separator has-alpha-channel-opacity\"\/>\n\n\n\n<figure class=\"wp-block-gallery has-nested-images columns-default is-cropped wp-block-gallery-1 is-layout-flex wp-block-gallery-is-layout-flex\">\n<figure class=\"wp-block-image size-large\"><img loading=\"lazy\" decoding=\"async\" width=\"545\" height=\"300\" data-id=\"99\" src=\"https:\/\/www.ralebsbilar.se\/wp-content\/uploads\/2023\/10\/dack-falg.jpg\" alt=\"\" class=\"wp-image-99\" srcset=\"https:\/\/www.ralebsbilar.se\/wp-content\/uploads\/2023\/10\/dack-falg.jpg 545w, https:\/\/www.ralebsbilar.se\/wp-content\/uploads\/2023\/10\/dack-falg-300x165.jpg 300w\" sizes=\"auto, (max-width: 545px) 100vw, 545px\" \/><\/figure>\n\n\n\n<figure class=\"wp-block-image size-large\"><img loading=\"lazy\" decoding=\"async\" width=\"1024\" height=\"768\" data-id=\"102\" src=\"https:\/\/www.ralebsbilar.se\/wp-content\/uploads\/2023\/10\/dack-falg_1-1024x768.jpg\" alt=\"\" class=\"wp-image-102\" srcset=\"https:\/\/www.ralebsbilar.se\/wp-content\/uploads\/2023\/10\/dack-falg_1-1024x768.jpg 1024w, https:\/\/www.ralebsbilar.se\/wp-content\/uploads\/2023\/10\/dack-falg_1-300x225.jpg 300w, https:\/\/www.ralebsbilar.se\/wp-content\/uploads\/2023\/10\/dack-falg_1-768x576.jpg 768w, https:\/\/www.ralebsbilar.se\/wp-content\/uploads\/2023\/10\/dack-falg_1.jpg 1249w\" sizes=\"auto, (max-width: 1024px) 100vw, 1024px\" \/><\/figure>\n\n\n\n<figure class=\"wp-block-image size-large\"><img loading=\"lazy\" decoding=\"async\" width=\"1024\" height=\"768\" data-id=\"100\" src=\"https:\/\/www.ralebsbilar.se\/wp-content\/uploads\/2023\/10\/dack-falg_2-1-1024x768.jpg\" alt=\"\" class=\"wp-image-100\" srcset=\"https:\/\/www.ralebsbilar.se\/wp-content\/uploads\/2023\/10\/dack-falg_2-1-1024x768.jpg 1024w, https:\/\/www.ralebsbilar.se\/wp-content\/uploads\/2023\/10\/dack-falg_2-1-300x225.jpg 300w, https:\/\/www.ralebsbilar.se\/wp-content\/uploads\/2023\/10\/dack-falg_2-1-768x576.jpg 768w, https:\/\/www.ralebsbilar.se\/wp-content\/uploads\/2023\/10\/dack-falg_2-1.jpg 1184w\" sizes=\"auto, (max-width: 1024px) 100vw, 1024px\" \/><\/figure>\n\n\n\n<figure class=\"wp-block-image size-large\"><img loading=\"lazy\" decoding=\"async\" width=\"666\" height=\"888\" data-id=\"103\" src=\"https:\/\/www.ralebsbilar.se\/wp-content\/uploads\/2023\/10\/dack-falg_3.jpg\" alt=\"\" class=\"wp-image-103\" srcset=\"https:\/\/www.ralebsbilar.se\/wp-content\/uploads\/2023\/10\/dack-falg_3.jpg 666w, https:\/\/www.ralebsbilar.se\/wp-content\/uploads\/2023\/10\/dack-falg_3-225x300.jpg 225w\" sizes=\"auto, (max-width: 666px) 100vw, 666px\" \/><\/figure>\n\n\n\n<figure class=\"wp-block-image size-large\"><img loading=\"lazy\" decoding=\"async\" width=\"1024\" height=\"768\" data-id=\"101\" src=\"https:\/\/www.ralebsbilar.se\/wp-content\/uploads\/2023\/10\/dack-falg_4-1024x768.jpg\" alt=\"\" class=\"wp-image-101\" srcset=\"https:\/\/www.ralebsbilar.se\/wp-content\/uploads\/2023\/10\/dack-falg_4-1024x768.jpg 1024w, https:\/\/www.ralebsbilar.se\/wp-content\/uploads\/2023\/10\/dack-falg_4-300x225.jpg 300w, https:\/\/www.ralebsbilar.se\/wp-content\/uploads\/2023\/10\/dack-falg_4-768x576.jpg 768w, https:\/\/www.ralebsbilar.se\/wp-content\/uploads\/2023\/10\/dack-falg_4.jpg 1184w\" sizes=\"auto, (max-width: 1024px) 100vw, 1024px\" \/><\/figure>\n<\/figure>\n","protected":false},"excerpt":{"rendered":"<p>Ralebs Bilar \u2013 Din kompletta d\u00e4ckverkstad i TrelleborgL\u00e5t proffsen ta hand om dina hjul! I v\u00e5r fullt utrustade d\u00e4ckverkstad erbjuder vi allt fr\u00e5n f\u00f6rs\u00e4ljning av nya d\u00e4ck och f\u00e4lgar till snabb service. Vi lagerf\u00f6r ett brett sortiment av b\u00e5de nytt och begagnat f\u00f6r att passa alla pl\u00e5nb\u00f6cker. V\u00e5ra priser &amp; tj\u00e4nster: Spara tid \u2013 ring [&hellip;]<\/p>\n","protected":false},"author":1,"featured_media":0,"parent":0,"menu_order":0,"comment_status":"closed","ping_status":"closed","template":"","meta":{"footnotes":""},"class_list":["post-67","page","type-page","status-publish","hentry"],"_links":{"self":[{"href":"https:\/\/www.ralebsbilar.se\/index.php\/wp-json\/wp\/v2\/pages\/67","targetHints":{"allow":["GET"]}}],"collection":[{"href":"https:\/\/www.ralebsbilar.se\/index.php\/wp-json\/wp\/v2\/pages"}],"about":[{"href":"https:\/\/www.ralebsbilar.se\/index.php\/wp-json\/wp\/v2\/types\/page"}],"author":[{"embeddable":true,"href":"https:\/\/www.ralebsbilar.se\/index.php\/wp-json\/wp\/v2\/users\/1"}],"replies":[{"embeddable":true,"href":"https:\/\/www.ralebsbilar.se\/index.php\/wp-json\/wp\/v2\/comments?post=67"}],"version-history":[{"count":9,"href":"https:\/\/www.ralebsbilar.se\/index.php\/wp-json\/wp\/v2\/pages\/67\/revisions"}],"predecessor-version":[{"id":266,"href":"https:\/\/www.ralebsbilar.se\/index.php\/wp-json\/wp\/v2\/pages\/67\/revisions\/266"}],"wp:attachment":[{"href":"https:\/\/www.ralebsbilar.se\/index.php\/wp-json\/wp\/v2\/media?parent=67"}],"curies":[{"name":"wp","href":"https:\/\/api.w.org\/{rel}","templated":true}]}}